{"id":271,"date":"2024-06-26T14:26:26","date_gmt":"2024-06-26T14:26:26","guid":{"rendered":"https:\/\/majodelgado.com\/es\/?page_id=271"},"modified":"2024-10-26T00:42:02","modified_gmt":"2024-10-26T00:42:02","slug":"studio","status":"publish","type":"page","link":"https:\/\/majodelgado.com\/es\/studio\/","title":{"rendered":"Estudio"},"content":{"rendered":"\t\t<div data-elementor-type=\"wp-page\" data-elementor-id=\"271\" class=\"elementor elementor-271\" data-elementor-post-type=\"page\">\n\t\t\t\t<div class=\"elementor-element elementor-element-3580b87 e-flex e-con-boxed e-con e-parent\" data-id=\"3580b87\" data-element_type=\"container\">\n\t\t\t\t\t<div class=\"e-con-inner\">\n\t\t<div class=\"elementor-element elementor-element-2fb149e e-con-full e-flex e-con e-child\" data-id=\"2fb149e\" data-element_type=\"container\" data-settings=\"{&quot;sticky&quot;:&quot;top&quot;,&quot;sticky_on&quot;:[&quot;desktop&quot;,&quot;tablet&quot;,&quot;mobile&quot;],&quot;sticky_offset&quot;:0,&quot;sticky_effects_offset&quot;:0,&quot;sticky_anchor_link_offset&quot;:0}\">\n\t\t\t\t<div class=\"elementor-element elementor-element-712035d elementor-widget-tablet__width-initial elementor-widget elementor-widget-heading\" data-id=\"712035d\" data-element_type=\"widget\" data-widget_type=\"heading.default\">\n\t\t\t\t<div class=\"elementor-widget-container\">\n\t\t\t\t\t<h2 class=\"elementor-heading-title elementor-size-default\">Estudio<\/h2>\t\t\t\t<\/div>\n\t\t\t\t<\/div>\n\t\t\t\t<\/div>\n\t\t<div class=\"elementor-element elementor-element-3a74796 e-con-full e-flex e-con e-child\" data-id=\"3a74796\" data-element_type=\"container\">\n\t\t<div class=\"elementor-element elementor-element-178d201 e-flex e-con-boxed e-con e-child\" data-id=\"178d201\" data-element_type=\"container\">\n\t\t\t\t\t<div class=\"e-con-inner\">\n\t\t\t\t<div class=\"elementor-element elementor-element-9d0095f elementor-widget elementor-widget-image\" data-id=\"9d0095f\" data-element_type=\"widget\" data-widget_type=\"image.default\">\n\t\t\t\t<div class=\"elementor-widget-container\">\n\t\t\t\t\t\t\t\t\t\t\t\t\t\t\t<img fetchpriority=\"high\" decoding=\"async\" width=\"800\" height=\"505\" src=\"https:\/\/majodelgado.com\/es\/wp-content\/uploads\/sites\/6\/2024\/06\/Image-Studio.jpg\" class=\"attachment-large size-large wp-image-323\" alt=\"\" srcset=\"https:\/\/majodelgado.com\/es\/wp-content\/uploads\/sites\/6\/2024\/06\/Image-Studio.jpg 824w, https:\/\/majodelgado.com\/es\/wp-content\/uploads\/sites\/6\/2024\/06\/Image-Studio-300x189.jpg 300w, https:\/\/majodelgado.com\/es\/wp-content\/uploads\/sites\/6\/2024\/06\/Image-Studio-768x485.jpg 768w\" sizes=\"(max-width: 800px) 100vw, 800px\" \/>\t\t\t\t\t\t\t\t\t\t\t\t\t\t\t<\/div>\n\t\t\t\t<\/div>\n\t\t\t\t<div class=\"elementor-element elementor-element-669bb97 elementor-widget elementor-widget-text-editor\" data-id=\"669bb97\" data-element_type=\"widget\" data-widget_type=\"text-editor.default\">\n\t\t\t\t<div class=\"elementor-widget-container\">\n\t\t\t\t\t\t\t\t\t<p>Dise\u00f1amos espacios donde la calidad y el compromiso con la excelencia se reflejan en cada uno de los m\u00e1s m\u00ednimos detalles. Valoramos la belleza de la simplicidad y la funcionalidad, creando ambientes que perduran en el tiempo.<\/p><p>Con base en Punta del Este, Uruguay, nos inspiramos en nuestro entorno para desarrollar proyectos con alcance global, colaborando con profesionales de renombre internacional.<\/p><p>Ofrecemos un servicio exclusivo de arquitectura e interiorismo con el objetivo de transformar sus hogares en espacios \u00fanicos. Nuestro compromiso es llevar a estos entornos el lujo silencioso a trav\u00e9s de un dise\u00f1o cuidadoso y la selecci\u00f3n de acabados y mobiliario de la m\u00e1s alta calidad, buscando siempre la sutileza sensorial.<\/p>\t\t\t\t\t\t\t\t<\/div>\n\t\t\t\t<\/div>\n\t\t\t\t<div class=\"elementor-element elementor-element-49336fc elementor-widget elementor-widget-text-editor\" data-id=\"49336fc\" data-element_type=\"widget\" data-widget_type=\"text-editor.default\">\n\t\t\t\t<div class=\"elementor-widget-container\">\n\t\t\t\t\t\t\t\t\t<p>\u201cSi fuera un gesto seria un abrazo\u201d<\/p>\t\t\t\t\t\t\t\t<\/div>\n\t\t\t\t<\/div>\n\t\t\t\t<div class=\"elementor-element elementor-element-835f502 elementor-widget elementor-widget-spacer\" data-id=\"835f502\" data-element_type=\"widget\" data-widget_type=\"spacer.default\">\n\t\t\t\t<div class=\"elementor-widget-container\">\n\t\t\t\t\t\t\t<div class=\"elementor-spacer\">\n\t\t\t<div class=\"elementor-spacer-inner\"><\/div>\n\t\t<\/div>\n\t\t\t\t\t\t<\/div>\n\t\t\t\t<\/div>\n\t\t\t\t<div class=\"elementor-element elementor-element-922acb5 elementor-widget elementor-widget-text-editor\" data-id=\"922acb5\" data-element_type=\"widget\" data-widget_type=\"text-editor.default\">\n\t\t\t\t<div class=\"elementor-widget-container\">\n\t\t\t\t\t\t\t\t\t<b>A QUIEN NOS DIRIGIMOS<\/b>\t\t\t\t\t\t\t\t<\/div>\n\t\t\t\t<\/div>\n\t\t\t\t<div class=\"elementor-element elementor-element-65cfab7 elementor-widget elementor-widget-text-editor\" data-id=\"65cfab7\" data-element_type=\"widget\" data-widget_type=\"text-editor.default\">\n\t\t\t\t<div class=\"elementor-widget-container\">\n\t\t\t\t\t\t\t\t\t<p>Personas que aprecian y buscan un estilo contempor\u00e1neo y minimalista en el dise\u00f1o de interiores y arquitectura, caracterizado por l\u00edneas limpias, formas geom\u00e9tricas y una paleta de colores neutros. Que encuentran belleza en la simplicidad y que buscan un dise\u00f1o que destaque por su elegancia. Que valoran la calidad de los materiales y la expresi\u00f3n de exclusividad.<\/p>\t\t\t\t\t\t\t\t<\/div>\n\t\t\t\t<\/div>\n\t\t\t\t<div class=\"elementor-element elementor-element-20f298f elementor-hidden-desktop elementor-hidden-tablet elementor-hidden-mobile elementor-widget elementor-widget-spacer\" data-id=\"20f298f\" data-element_type=\"widget\" data-widget_type=\"spacer.default\">\n\t\t\t\t<div class=\"elementor-widget-container\">\n\t\t\t\t\t\t\t<div class=\"elementor-spacer\">\n\t\t\t<div class=\"elementor-spacer-inner\"><\/div>\n\t\t<\/div>\n\t\t\t\t\t\t<\/div>\n\t\t\t\t<\/div>\n\t\t<div class=\"elementor-element elementor-element-79394a7 e-con-full elementor-hidden-desktop elementor-hidden-tablet elementor-hidden-mobile e-flex e-con e-child\" data-id=\"79394a7\" data-element_type=\"container\">\n\t\t<div class=\"elementor-element elementor-element-f7f82d3 e-con-full e-flex e-con e-child\" data-id=\"f7f82d3\" data-element_type=\"container\">\n\t\t\t\t<div class=\"elementor-element elementor-element-9dc12fa elementor-widget elementor-widget-image\" data-id=\"9dc12fa\" data-element_type=\"widget\" data-widget_type=\"image.default\">\n\t\t\t\t<div class=\"elementor-widget-container\">\n\t\t\t\t\t\t\t\t\t\t\t\t\t\t\t<img decoding=\"async\" src=\"https:\/\/majodelgado.com\/es\/wordpress\/wp-content\/uploads\/2024\/06\/MichelleWagner_headshotsq-SC-1.jpg\" title=\"\" alt=\"\" loading=\"lazy\" \/>\t\t\t\t\t\t\t\t\t\t\t\t\t\t\t<\/div>\n\t\t\t\t<\/div>\n\t\t\t\t<\/div>\n\t\t<div class=\"elementor-element elementor-element-0028fb9 e-con-full e-flex e-con e-child\" data-id=\"0028fb9\" data-element_type=\"container\">\n\t\t<div class=\"elementor-element elementor-element-eda9614 e-con-full e-flex e-con e-child\" data-id=\"eda9614\" data-element_type=\"container\">\n\t\t\t\t<div class=\"elementor-element elementor-element-deaec12 elementor-widget elementor-widget-heading\" data-id=\"deaec12\" data-element_type=\"widget\" data-widget_type=\"heading.default\">\n\t\t\t\t<div class=\"elementor-widget-container\">\n\t\t\t\t\t<h2 class=\"elementor-heading-title elementor-size-default\">MAJO DELGADO\n<\/h2>\t\t\t\t<\/div>\n\t\t\t\t<\/div>\n\t\t\t\t<div class=\"elementor-element elementor-element-e13e91b elementor-widget elementor-widget-heading\" data-id=\"e13e91b\" data-element_type=\"widget\" data-widget_type=\"heading.default\">\n\t\t\t\t<div class=\"elementor-widget-container\">\n\t\t\t\t\t<h2 class=\"elementor-heading-title elementor-size-default\">Founder<\/h2>\t\t\t\t<\/div>\n\t\t\t\t<\/div>\n\t\t\t\t<div class=\"elementor-element elementor-element-3fcb8f5 elementor-widget elementor-widget-heading\" data-id=\"3fcb8f5\" data-element_type=\"widget\" data-widget_type=\"heading.default\">\n\t\t\t\t<div class=\"elementor-widget-container\">\n\t\t\t\t\t<h2 class=\"elementor-heading-title elementor-size-default\">Architect & Interior Desginer<\/h2>\t\t\t\t<\/div>\n\t\t\t\t<\/div>\n\t\t\t\t<\/div>\n\t\t\t\t<div class=\"elementor-element elementor-element-db45f12 elementor-widget elementor-widget-text-editor\" data-id=\"db45f12\" data-element_type=\"widget\" data-widget_type=\"text-editor.default\">\n\t\t\t\t<div class=\"elementor-widget-container\">\n\t\t\t\t\t\t\t\t\t<p>Koichi Takada belongs to a new generation of architects that strive to bring nature back into the urban environment \u2014 an approach he matured after living in cities: Tokyo, New York and London. Koichi established his practice in 2008. He has brought a Japanese sensibility to Australian architecture, each project embodying his commitment to organic form and consideration for human experience. Through a series of award-winning designs, the growing practice is gaining an international reputation, with projects in Sydney, Brisbane, Melbourne, Tokyo, Shanghai, Los Angeles,<\/p>\t\t\t\t\t\t\t\t<\/div>\n\t\t\t\t<\/div>\n\t\t\t\t<\/div>\n\t\t\t\t<\/div>\n\t\t<div class=\"elementor-element elementor-element-436f7c1 e-con-full elementor-hidden-desktop elementor-hidden-tablet elementor-hidden-mobile e-flex e-con e-child\" data-id=\"436f7c1\" data-element_type=\"container\">\n\t\t<div class=\"elementor-element elementor-element-4688790 e-con-full e-flex e-con e-child\" data-id=\"4688790\" data-element_type=\"container\">\n\t\t\t\t<div class=\"elementor-element elementor-element-3fbca67 elementor-widget elementor-widget-image\" data-id=\"3fbca67\" data-element_type=\"widget\" data-widget_type=\"image.default\">\n\t\t\t\t<div class=\"elementor-widget-container\">\n\t\t\t\t\t\t\t\t\t\t\t\t\t\t\t<img decoding=\"async\" src=\"https:\/\/majodelgado.com\/es\/wordpress\/wp-content\/uploads\/2024\/06\/MichelleWagner_headshotsq-SC-1.jpg\" title=\"\" alt=\"\" loading=\"lazy\" \/>\t\t\t\t\t\t\t\t\t\t\t\t\t\t\t<\/div>\n\t\t\t\t<\/div>\n\t\t\t\t<\/div>\n\t\t<div class=\"elementor-element elementor-element-8e9633e e-con-full e-flex e-con e-child\" data-id=\"8e9633e\" data-element_type=\"container\">\n\t\t<div class=\"elementor-element elementor-element-7982319 e-con-full e-flex e-con e-child\" data-id=\"7982319\" data-element_type=\"container\">\n\t\t\t\t<div class=\"elementor-element elementor-element-0efd69f elementor-widget elementor-widget-heading\" data-id=\"0efd69f\" data-element_type=\"widget\" data-widget_type=\"heading.default\">\n\t\t\t\t<div class=\"elementor-widget-container\">\n\t\t\t\t\t<h2 class=\"elementor-heading-title elementor-size-default\">MAJO DELGADO\n<\/h2>\t\t\t\t<\/div>\n\t\t\t\t<\/div>\n\t\t\t\t<div class=\"elementor-element elementor-element-845455e elementor-widget elementor-widget-heading\" data-id=\"845455e\" data-element_type=\"widget\" data-widget_type=\"heading.default\">\n\t\t\t\t<div class=\"elementor-widget-container\">\n\t\t\t\t\t<h2 class=\"elementor-heading-title elementor-size-default\">Founder<\/h2>\t\t\t\t<\/div>\n\t\t\t\t<\/div>\n\t\t\t\t<div class=\"elementor-element elementor-element-71c74df elementor-widget elementor-widget-heading\" data-id=\"71c74df\" data-element_type=\"widget\" data-widget_type=\"heading.default\">\n\t\t\t\t<div class=\"elementor-widget-container\">\n\t\t\t\t\t<h2 class=\"elementor-heading-title elementor-size-default\">Architect & Interior Desginer<\/h2>\t\t\t\t<\/div>\n\t\t\t\t<\/div>\n\t\t\t\t<\/div>\n\t\t\t\t<div class=\"elementor-element elementor-element-b618388 elementor-widget elementor-widget-text-editor\" data-id=\"b618388\" data-element_type=\"widget\" data-widget_type=\"text-editor.default\">\n\t\t\t\t<div class=\"elementor-widget-container\">\n\t\t\t\t\t\t\t\t\t<p>Koichi Takada belongs to a new generation of architects that strive to bring nature back into the urban environment \u2014 an approach he matured after living in cities: Tokyo, New York and London. Koichi established his practice in 2008. He has brought a Japanese sensibility to Australian architecture, each project embodying his commitment to organic form and consideration for human experience. Through a series of award-winning designs, the growing practice is gaining an international reputation, with projects in Sydney, Brisbane, Melbourne, Tokyo, Shanghai, Los Angeles,<\/p>\t\t\t\t\t\t\t\t<\/div>\n\t\t\t\t<\/div>\n\t\t\t\t<\/div>\n\t\t\t\t<\/div>\n\t\t<div class=\"elementor-element elementor-element-2233712 e-con-full elementor-hidden-desktop elementor-hidden-tablet elementor-hidden-mobile e-flex e-con e-child\" data-id=\"2233712\" data-element_type=\"container\">\n\t\t<div class=\"elementor-element elementor-element-9801297 e-con-full e-flex e-con e-child\" data-id=\"9801297\" data-element_type=\"container\">\n\t\t\t\t<div class=\"elementor-element elementor-element-0930636 elementor-widget elementor-widget-image\" data-id=\"0930636\" data-element_type=\"widget\" data-widget_type=\"image.default\">\n\t\t\t\t<div class=\"elementor-widget-container\">\n\t\t\t\t\t\t\t\t\t\t\t\t\t\t\t<img decoding=\"async\" src=\"https:\/\/majodelgado.com\/es\/wordpress\/wp-content\/uploads\/2024\/06\/MichelleWagner_headshotsq-SC-1.jpg\" title=\"\" alt=\"\" loading=\"lazy\" \/>\t\t\t\t\t\t\t\t\t\t\t\t\t\t\t<\/div>\n\t\t\t\t<\/div>\n\t\t\t\t<\/div>\n\t\t<div class=\"elementor-element elementor-element-9565500 e-con-full e-flex e-con e-child\" data-id=\"9565500\" data-element_type=\"container\">\n\t\t<div class=\"elementor-element elementor-element-43793bb e-con-full e-flex e-con e-child\" data-id=\"43793bb\" data-element_type=\"container\">\n\t\t\t\t<div class=\"elementor-element elementor-element-1749998 elementor-widget elementor-widget-heading\" data-id=\"1749998\" data-element_type=\"widget\" data-widget_type=\"heading.default\">\n\t\t\t\t<div class=\"elementor-widget-container\">\n\t\t\t\t\t<h2 class=\"elementor-heading-title elementor-size-default\">MAJO DELGADO\n<\/h2>\t\t\t\t<\/div>\n\t\t\t\t<\/div>\n\t\t\t\t<div class=\"elementor-element elementor-element-0adaecb elementor-widget elementor-widget-heading\" data-id=\"0adaecb\" data-element_type=\"widget\" data-widget_type=\"heading.default\">\n\t\t\t\t<div class=\"elementor-widget-container\">\n\t\t\t\t\t<h2 class=\"elementor-heading-title elementor-size-default\">Founder<\/h2>\t\t\t\t<\/div>\n\t\t\t\t<\/div>\n\t\t\t\t<div class=\"elementor-element elementor-element-79f926c elementor-widget elementor-widget-heading\" data-id=\"79f926c\" data-element_type=\"widget\" data-widget_type=\"heading.default\">\n\t\t\t\t<div class=\"elementor-widget-container\">\n\t\t\t\t\t<h2 class=\"elementor-heading-title elementor-size-default\">Architect & Interior Desginer<\/h2>\t\t\t\t<\/div>\n\t\t\t\t<\/div>\n\t\t\t\t<\/div>\n\t\t\t\t<div class=\"elementor-element elementor-element-621d102 elementor-widget elementor-widget-text-editor\" data-id=\"621d102\" data-element_type=\"widget\" data-widget_type=\"text-editor.default\">\n\t\t\t\t<div class=\"elementor-widget-container\">\n\t\t\t\t\t\t\t\t\t<p>Koichi Takada belongs to a new generation of architects that strive to bring nature back into the urban environment \u2014 an approach he matured after living in cities: Tokyo, New York and London. Koichi established his practice in 2008. He has brought a Japanese sensibility to Australian architecture, each project embodying his commitment to organic form and consideration for human experience. Through a series of award-winning designs, the growing practice is gaining an international reputation, with projects in Sydney, Brisbane, Melbourne, Tokyo, Shanghai, Los Angeles,<\/p>\t\t\t\t\t\t\t\t<\/div>\n\t\t\t\t<\/div>\n\t\t\t\t<\/div>\n\t\t\t\t<\/div>\n\t\t\t\t\t<\/div>\n\t\t\t\t<\/div>\n\t\t\t\t<\/div>\n\t\t<div class=\"elementor-element elementor-element-6d3e8ed e-con-full e-flex e-con e-child\" data-id=\"6d3e8ed\" data-element_type=\"container\">\n\t\t\t\t<\/div>\n\t\t\t\t\t<\/div>\n\t\t\t\t<\/div>\n\t\t\t\t<\/div>\n\t\t","protected":false},"excerpt":{"rendered":"<p>Estudio Dise\u00f1amos espacios donde la calidad y el compromiso con la excelencia se reflejan en cada uno de los m\u00e1s m\u00ednimos detalles. Valoramos la belleza de la simplicidad y la funcionalidad, creando ambientes que perduran en el tiempo. Con base en Punta del Este, Uruguay, nos inspiramos en nuestro entorno para desarrollar proyectos con alcance [&hellip;]<\/p>\n","protected":false},"author":1,"featured_media":0,"parent":0,"menu_order":0,"comment_status":"closed","ping_status":"closed","template":"","meta":{"inline_featured_image":false,"footnotes":""},"class_list":["post-271","page","type-page","status-publish","hentry"],"yoast_head":"<!-- This site is optimized with the Yoast SEO plugin v25.4 - https:\/\/yoast.com\/wordpress\/plugins\/seo\/ -->\n<title>Estudio - Majo Delgado Design - ES<\/title>\n<meta name=\"robots\" content=\"index, follow, max-snippet:-1, max-image-preview:large, max-video-preview:-1\" \/>\n<link rel=\"canonical\" href=\"https:\/\/majodelgado.com\/es\/studio\/\" \/>\n<meta property=\"og:locale\" content=\"es_ES\" \/>\n<meta property=\"og:type\" content=\"article\" \/>\n<meta property=\"og:title\" content=\"Estudio - Majo Delgado Design - ES\" \/>\n<meta property=\"og:description\" content=\"Estudio Dise\u00f1amos espacios donde la calidad y el compromiso con la excelencia se reflejan en cada uno de los m\u00e1s m\u00ednimos detalles. Valoramos la belleza de la simplicidad y la funcionalidad, creando ambientes que perduran en el tiempo. Con base en Punta del Este, Uruguay, nos inspiramos en nuestro entorno para desarrollar proyectos con alcance [&hellip;]\" \/>\n<meta property=\"og:url\" content=\"https:\/\/majodelgado.com\/es\/studio\/\" \/>\n<meta property=\"og:site_name\" content=\"Majo Delgado Design - ES\" \/>\n<meta property=\"article:modified_time\" content=\"2024-10-26T00:42:02+00:00\" \/>\n<meta property=\"og:image\" content=\"https:\/\/majodelgado.com\/es\/wp-content\/uploads\/sites\/6\/2024\/06\/Image-Studio.jpg\" \/>\n\t<meta property=\"og:image:width\" content=\"824\" \/>\n\t<meta property=\"og:image:height\" content=\"520\" \/>\n\t<meta property=\"og:image:type\" content=\"image\/jpeg\" \/>\n<meta name=\"twitter:card\" content=\"summary_large_image\" \/>\n<meta name=\"twitter:label1\" content=\"Est. reading time\" \/>\n\t<meta name=\"twitter:data1\" content=\"3 minutos\" \/>\n<script type=\"application\/ld+json\" class=\"yoast-schema-graph\">{\"@context\":\"https:\/\/schema.org\",\"@graph\":[{\"@type\":\"WebPage\",\"@id\":\"https:\/\/majodelgado.com\/es\/studio\/\",\"url\":\"https:\/\/majodelgado.com\/es\/studio\/\",\"name\":\"Estudio - Majo Delgado Design - ES\",\"isPartOf\":{\"@id\":\"https:\/\/majodelgado.com\/es\/#website\"},\"primaryImageOfPage\":{\"@id\":\"https:\/\/majodelgado.com\/es\/studio\/#primaryimage\"},\"image\":{\"@id\":\"https:\/\/majodelgado.com\/es\/studio\/#primaryimage\"},\"thumbnailUrl\":\"https:\/\/majodelgado.com\/es\/wp-content\/uploads\/sites\/6\/2024\/06\/Image-Studio.jpg\",\"datePublished\":\"2024-06-26T14:26:26+00:00\",\"dateModified\":\"2024-10-26T00:42:02+00:00\",\"breadcrumb\":{\"@id\":\"https:\/\/majodelgado.com\/es\/studio\/#breadcrumb\"},\"inLanguage\":\"es-UY\",\"potentialAction\":[{\"@type\":\"ReadAction\",\"target\":[\"https:\/\/majodelgado.com\/es\/studio\/\"]}]},{\"@type\":\"ImageObject\",\"inLanguage\":\"es-UY\",\"@id\":\"https:\/\/majodelgado.com\/es\/studio\/#primaryimage\",\"url\":\"https:\/\/majodelgado.com\/es\/wp-content\/uploads\/sites\/6\/2024\/06\/Image-Studio.jpg\",\"contentUrl\":\"https:\/\/majodelgado.com\/es\/wp-content\/uploads\/sites\/6\/2024\/06\/Image-Studio.jpg\",\"width\":824,\"height\":520},{\"@type\":\"BreadcrumbList\",\"@id\":\"https:\/\/majodelgado.com\/es\/studio\/#breadcrumb\",\"itemListElement\":[{\"@type\":\"ListItem\",\"position\":1,\"name\":\"Home\",\"item\":\"https:\/\/majodelgado.com\/es\/\"},{\"@type\":\"ListItem\",\"position\":2,\"name\":\"Estudio\"}]},{\"@type\":\"WebSite\",\"@id\":\"https:\/\/majodelgado.com\/es\/#website\",\"url\":\"https:\/\/majodelgado.com\/es\/\",\"name\":\"Majo Delgado Design - ES\",\"description\":\"\",\"publisher\":{\"@id\":\"https:\/\/majodelgado.com\/es\/#organization\"},\"potentialAction\":[{\"@type\":\"SearchAction\",\"target\":{\"@type\":\"EntryPoint\",\"urlTemplate\":\"https:\/\/majodelgado.com\/es\/?s={search_term_string}\"},\"query-input\":{\"@type\":\"PropertyValueSpecification\",\"valueRequired\":true,\"valueName\":\"search_term_string\"}}],\"inLanguage\":\"es-UY\"},{\"@type\":\"Organization\",\"@id\":\"https:\/\/majodelgado.com\/es\/#organization\",\"name\":\"Majo Delgado Design - ES\",\"url\":\"https:\/\/majodelgado.com\/es\/\",\"logo\":{\"@type\":\"ImageObject\",\"inLanguage\":\"es-UY\",\"@id\":\"https:\/\/majodelgado.com\/es\/#\/schema\/logo\/image\/\",\"url\":\"https:\/\/majodelgado.com\/es\/wp-content\/uploads\/sites\/6\/2024\/06\/Logo-MD.svg\",\"contentUrl\":\"https:\/\/majodelgado.com\/es\/wp-content\/uploads\/sites\/6\/2024\/06\/Logo-MD.svg\",\"width\":62,\"height\":48,\"caption\":\"Majo Delgado Design - ES\"},\"image\":{\"@id\":\"https:\/\/majodelgado.com\/es\/#\/schema\/logo\/image\/\"}}]}<\/script>\n<!-- \/ Yoast SEO plugin. -->","yoast_head_json":{"title":"Estudio - Majo Delgado Design - ES","robots":{"index":"index","follow":"follow","max-snippet":"max-snippet:-1","max-image-preview":"max-image-preview:large","max-video-preview":"max-video-preview:-1"},"canonical":"https:\/\/majodelgado.com\/es\/studio\/","og_locale":"es_ES","og_type":"article","og_title":"Estudio - Majo Delgado Design - ES","og_description":"Estudio Dise\u00f1amos espacios donde la calidad y el compromiso con la excelencia se reflejan en cada uno de los m\u00e1s m\u00ednimos detalles. Valoramos la belleza de la simplicidad y la funcionalidad, creando ambientes que perduran en el tiempo. Con base en Punta del Este, Uruguay, nos inspiramos en nuestro entorno para desarrollar proyectos con alcance [&hellip;]","og_url":"https:\/\/majodelgado.com\/es\/studio\/","og_site_name":"Majo Delgado Design - ES","article_modified_time":"2024-10-26T00:42:02+00:00","og_image":[{"width":824,"height":520,"url":"https:\/\/majodelgado.com\/es\/wp-content\/uploads\/sites\/6\/2024\/06\/Image-Studio.jpg","type":"image\/jpeg"}],"twitter_card":"summary_large_image","twitter_misc":{"Est. reading time":"3 minutos"},"schema":{"@context":"https:\/\/schema.org","@graph":[{"@type":"WebPage","@id":"https:\/\/majodelgado.com\/es\/studio\/","url":"https:\/\/majodelgado.com\/es\/studio\/","name":"Estudio - Majo Delgado Design - ES","isPartOf":{"@id":"https:\/\/majodelgado.com\/es\/#website"},"primaryImageOfPage":{"@id":"https:\/\/majodelgado.com\/es\/studio\/#primaryimage"},"image":{"@id":"https:\/\/majodelgado.com\/es\/studio\/#primaryimage"},"thumbnailUrl":"https:\/\/majodelgado.com\/es\/wp-content\/uploads\/sites\/6\/2024\/06\/Image-Studio.jpg","datePublished":"2024-06-26T14:26:26+00:00","dateModified":"2024-10-26T00:42:02+00:00","breadcrumb":{"@id":"https:\/\/majodelgado.com\/es\/studio\/#breadcrumb"},"inLanguage":"es-UY","potentialAction":[{"@type":"ReadAction","target":["https:\/\/majodelgado.com\/es\/studio\/"]}]},{"@type":"ImageObject","inLanguage":"es-UY","@id":"https:\/\/majodelgado.com\/es\/studio\/#primaryimage","url":"https:\/\/majodelgado.com\/es\/wp-content\/uploads\/sites\/6\/2024\/06\/Image-Studio.jpg","contentUrl":"https:\/\/majodelgado.com\/es\/wp-content\/uploads\/sites\/6\/2024\/06\/Image-Studio.jpg","width":824,"height":520},{"@type":"BreadcrumbList","@id":"https:\/\/majodelgado.com\/es\/studio\/#breadcrumb","itemListElement":[{"@type":"ListItem","position":1,"name":"Home","item":"https:\/\/majodelgado.com\/es\/"},{"@type":"ListItem","position":2,"name":"Estudio"}]},{"@type":"WebSite","@id":"https:\/\/majodelgado.com\/es\/#website","url":"https:\/\/majodelgado.com\/es\/","name":"Majo Delgado Design - ES","description":"","publisher":{"@id":"https:\/\/majodelgado.com\/es\/#organization"},"potentialAction":[{"@type":"SearchAction","target":{"@type":"EntryPoint","urlTemplate":"https:\/\/majodelgado.com\/es\/?s={search_term_string}"},"query-input":{"@type":"PropertyValueSpecification","valueRequired":true,"valueName":"search_term_string"}}],"inLanguage":"es-UY"},{"@type":"Organization","@id":"https:\/\/majodelgado.com\/es\/#organization","name":"Majo Delgado Design - ES","url":"https:\/\/majodelgado.com\/es\/","logo":{"@type":"ImageObject","inLanguage":"es-UY","@id":"https:\/\/majodelgado.com\/es\/#\/schema\/logo\/image\/","url":"https:\/\/majodelgado.com\/es\/wp-content\/uploads\/sites\/6\/2024\/06\/Logo-MD.svg","contentUrl":"https:\/\/majodelgado.com\/es\/wp-content\/uploads\/sites\/6\/2024\/06\/Logo-MD.svg","width":62,"height":48,"caption":"Majo Delgado Design - ES"},"image":{"@id":"https:\/\/majodelgado.com\/es\/#\/schema\/logo\/image\/"}}]}},"_links":{"self":[{"href":"https:\/\/majodelgado.com\/es\/wp-json\/wp\/v2\/pages\/271","targetHints":{"allow":["GET"]}}],"collection":[{"href":"https:\/\/majodelgado.com\/es\/wp-json\/wp\/v2\/pages"}],"about":[{"href":"https:\/\/majodelgado.com\/es\/wp-json\/wp\/v2\/types\/page"}],"author":[{"embeddable":true,"href":"https:\/\/majodelgado.com\/es\/wp-json\/wp\/v2\/users\/1"}],"replies":[{"embeddable":true,"href":"https:\/\/majodelgado.com\/es\/wp-json\/wp\/v2\/comments?post=271"}],"version-history":[{"count":71,"href":"https:\/\/majodelgado.com\/es\/wp-json\/wp\/v2\/pages\/271\/revisions"}],"predecessor-version":[{"id":1118,"href":"https:\/\/majodelgado.com\/es\/wp-json\/wp\/v2\/pages\/271\/revisions\/1118"}],"wp:attachment":[{"href":"https:\/\/majodelgado.com\/es\/wp-json\/wp\/v2\/media?parent=271"}],"curies":[{"name":"wp","href":"https:\/\/api.w.org\/{rel}","templated":true}]}}